{"id":1819,"date":"2015-11-16T14:34:16","date_gmt":"2015-11-16T12:34:16","guid":{"rendered":"https:\/\/www.rundamunken.fi\/avoimet-tyopaikat\/?lang=sv"},"modified":"2024-03-04T19:52:59","modified_gmt":"2024-03-04T17:52:59","slug":"avoimet-tyopaikat","status":"publish","type":"page","link":"https:\/\/www.rundamunken.fi\/sv\/avoimet-tyopaikat\/","title":{"rendered":"Meille t\u00f6ihin?"},"content":{"rendered":"<p><div class=\"fusion-fullwidth fullwidth-box fusion-builder-row-1 fusion-parallax-none hundred-percent-fullwidth non-hundred-percent-height-scrolling\" style=\"--awb-background-position:left top;--awb-border-radius-top-left:0px;--awb-border-radius-top-right:0px;--awb-border-radius-bottom-right:0px;--awb-border-radius-bottom-left:0px;--awb-padding-top:80px;--awb-padding-right:0px;--awb-padding-bottom:80px;--awb-padding-left:0px;--awb-background-image:url(&quot;https:\/\/www.rundamunken.fi\/wp-content\/uploads\/2016\/06\/Runda-Munken-Catering-Pitopalvelu-otsikkokuvake-30.jpg&quot;);--awb-background-size:cover;--awb-border-sizes-top:0px;--awb-border-sizes-bottom:0px;--awb-flex-wrap:wrap;\" ><div class=\"fusion-builder-row fusion-row\"><div class=\"fusion-layout-column fusion_builder_column fusion-builder-column-0 fusion_builder_column_1_1 1_1 fusion-one-full fusion-column-first fusion-column-last\" style=\"--awb-bg-size:cover;\"><div class=\"fusion-column-wrapper fusion-flex-column-wrapper-legacy\"><div class=\"fusion-title title fusion-title-1 fusion-sep-none fusion-title-center fusion-title-text fusion-title-size-one\"><h1 class=\"fusion-title-heading title-heading-center fusion-responsive-typography-calculated\" style=\"margin:0;--fontSize:50;line-height:1.4;\"><span style=\"color: #ffffff;\">Meille t\u00f6ihin?<\/span><\/h1><\/div><div class=\"fusion-clearfix\"><\/div><\/div><\/div><\/div><\/div><div class=\"fusion-fullwidth fullwidth-box fusion-builder-row-2 nonhundred-percent-fullwidth non-hundred-percent-height-scrolling\" style=\"--awb-background-position:left top;--awb-border-radius-top-left:0px;--awb-border-radius-top-right:0px;--awb-border-radius-bottom-right:0px;--awb-border-radius-bottom-left:0px;--awb-padding-top:20px;--awb-padding-right:20px;--awb-padding-bottom:20px;--awb-padding-left:20px;--awb-border-sizes-top:0px;--awb-border-sizes-bottom:0px;--awb-flex-wrap:wrap;\" ><div class=\"fusion-builder-row fusion-row\"><div class=\"fusion-layout-column fusion_builder_column fusion-builder-column-1 fusion_builder_column_5_6 5_6 fusion-five-sixth fusion-column-first\" style=\"--awb-padding-top:20px;--awb-padding-right:20px;--awb-padding-bottom:20px;--awb-padding-left:20px;--awb-bg-size:cover;width:82.6666%; margin-right: 4%;\"><div class=\"fusion-column-wrapper fusion-flex-column-wrapper-legacy\"><div class=\"fusion-title title fusion-title-2 fusion-sep-none fusion-title-text fusion-title-size-two\"><h2 class=\"fusion-title-heading title-heading-left fusion-responsive-typography-calculated\" style=\"margin:0;--fontSize:26;line-height:1.5;\">Haluaisitko meille t\u00f6ihin?<\/h2><\/div><div class=\"fusion-text fusion-text-1\"><p>L\u00e4het\u00e4 avoin hakemuksesi meille s\u00e4hk\u00f6postitse, olemme yhteydess\u00e4 mik\u00e4li sopiva ty\u00f6paikka avautuu.<\/p>\n<\/div><div class=\"fusion-text fusion-text-2\"><p>Haemme my\u00f6s kokkeja sek\u00e4 tarjoilijoita kes\u00e4-, hein\u00e4- ja elokuulle DB Bistro Runda Munkeniin Taalintehtaalle. Jos kiinnostaa, ota yhteytt\u00e4!<\/p>\n<\/div><div class=\"fusion-clearfix\"><\/div><\/div><\/div><\/div><\/div><div class=\"fusion-fullwidth fullwidth-box fusion-builder-row-3 hundred-percent-fullwidth non-hundred-percent-height-scrolling\" style=\"--awb-border-radius-top-left:0px;--awb-border-radius-top-right:0px;--awb-border-radius-bottom-right:0px;--awb-border-radius-bottom-left:0px;--awb-overflow:visible;--awb-padding-right:0px;--awb-padding-left:0px;--awb-flex-wrap:wrap;\" ><div class=\"fusion-builder-row fusion-row\"><div class=\"fusion-layout-column fusion_builder_column fusion-builder-column-2 fusion_builder_column_1_1 1_1 fusion-one-full fusion-column-first fusion-column-last\" style=\"--awb-padding-top:40px;--awb-padding-right:40px;--awb-padding-bottom:40px;--awb-padding-left:40px;--awb-bg-color:#f7a140;--awb-bg-color-hover:#f7a140;--awb-bg-size:cover;\"><div class=\"fusion-column-wrapper fusion-flex-column-wrapper-legacy\"><div class=\"fusion-title title fusion-title-3 fusion-sep-none fusion-title-center fusion-title-text fusion-title-size-two\"><h2 class=\"fusion-title-heading title-heading-center fusion-responsive-typography-calculated\" style=\"margin:0;--fontSize:26;line-height:1.5;\"><span style=\"color: #ffffff;\">Ota yhteytt\u00e4!<\/span><\/h2><\/div><div class=\"fusion-title title fusion-title-4 fusion-sep-none fusion-title-center fusion-title-text fusion-title-size-three\"><h3 class=\"fusion-title-heading title-heading-center fusion-responsive-typography-calculated\" style=\"margin:0;--fontSize:19;--minFontSize:19;line-height:1.5;\">Yvonne Wolff-Bonsdorff<\/h3><\/div><div class=\"fusion-text fusion-text-3\"><p style=\"text-align: center;\"><span style=\"color: #000000;\">p. 0400 905 541<\/span><br \/>\n<span style=\"color: #000000;\"><a style=\"color: #000000;\">yvonne@rundamunken.fi<\/a><\/span><\/p>\n<\/div><div class=\"fusion-clearfix\"><\/div><\/div><\/div><\/div><\/div><\/p>\n","protected":false},"excerpt":{"rendered":"","protected":false},"author":6,"featured_media":0,"parent":0,"menu_order":0,"comment_status":"closed","ping_status":"closed","template":"100-width.php","meta":{"footnotes":""},"class_list":["post-1819","page","type-page","status-publish","hentry"],"yoast_head":"<!-- This site is optimized with the Yoast SEO plugin v27.4 - https:\/\/yoast.com\/product\/yoast-seo-wordpress\/ -->\n<title>Meille t\u00f6ihin? - Runda Munken<\/title>\n<meta name=\"robots\" content=\"index, follow, max-snippet:-1, max-image-preview:large, max-video-preview:-1\" \/>\n<link rel=\"canonical\" href=\"https:\/\/www.rundamunken.fi\/yhteystiedot\/avoimet-tyopaikat\/\" \/>\n<meta property=\"og:locale\" content=\"sv_SE\" \/>\n<meta property=\"og:type\" content=\"article\" \/>\n<meta property=\"og:title\" content=\"Meille t\u00f6ihin? - Runda Munken\" \/>\n<meta property=\"og:url\" content=\"https:\/\/www.rundamunken.fi\/yhteystiedot\/avoimet-tyopaikat\/\" \/>\n<meta property=\"og:site_name\" content=\"Runda Munken\" \/>\n<meta property=\"article:publisher\" content=\"https:\/\/www.facebook.com\/rundamunkenmantsala\/\" \/>\n<meta property=\"article:modified_time\" content=\"2024-03-04T17:52:59+00:00\" \/>\n<meta name=\"twitter:card\" content=\"summary_large_image\" \/>\n<meta name=\"twitter:label1\" content=\"Ber\u00e4knad l\u00e4stid\" \/>\n\t<meta name=\"twitter:data1\" content=\"3 minuter\" \/>\n<script type=\"application\/ld+json\" class=\"yoast-schema-graph\">{\"@context\":\"https:\\\/\\\/schema.org\",\"@graph\":[{\"@type\":\"WebPage\",\"@id\":\"https:\\\/\\\/www.rundamunken.fi\\\/yhteystiedot\\\/avoimet-tyopaikat\\\/\",\"url\":\"https:\\\/\\\/www.rundamunken.fi\\\/yhteystiedot\\\/avoimet-tyopaikat\\\/\",\"name\":\"Meille t\u00f6ihin? - Runda Munken\",\"isPartOf\":{\"@id\":\"https:\\\/\\\/www.rundamunken.fi\\\/#website\"},\"datePublished\":\"2015-11-16T12:34:16+00:00\",\"dateModified\":\"2024-03-04T17:52:59+00:00\",\"breadcrumb\":{\"@id\":\"https:\\\/\\\/www.rundamunken.fi\\\/yhteystiedot\\\/avoimet-tyopaikat\\\/#breadcrumb\"},\"inLanguage\":\"sv-SE\",\"potentialAction\":[{\"@type\":\"ReadAction\",\"target\":[\"https:\\\/\\\/www.rundamunken.fi\\\/yhteystiedot\\\/avoimet-tyopaikat\\\/\"]}]},{\"@type\":\"BreadcrumbList\",\"@id\":\"https:\\\/\\\/www.rundamunken.fi\\\/yhteystiedot\\\/avoimet-tyopaikat\\\/#breadcrumb\",\"itemListElement\":[{\"@type\":\"ListItem\",\"position\":1,\"name\":\"Etusivu\",\"item\":\"https:\\\/\\\/www.rundamunken.fi\\\/\"},{\"@type\":\"ListItem\",\"position\":2,\"name\":\"Meille t\u00f6ihin?\"}]},{\"@type\":\"WebSite\",\"@id\":\"https:\\\/\\\/www.rundamunken.fi\\\/#website\",\"url\":\"https:\\\/\\\/www.rundamunken.fi\\\/\",\"name\":\"Runda Munken\",\"description\":\"Lorem ipsum dolor sit amet, consectetuer adipiscing elit.\",\"potentialAction\":[{\"@type\":\"SearchAction\",\"target\":{\"@type\":\"EntryPoint\",\"urlTemplate\":\"https:\\\/\\\/www.rundamunken.fi\\\/?s={search_term_string}\"},\"query-input\":{\"@type\":\"PropertyValueSpecification\",\"valueRequired\":true,\"valueName\":\"search_term_string\"}}],\"inLanguage\":\"sv-SE\"}]}<\/script>\n<!-- \/ Yoast SEO plugin. -->","yoast_head_json":{"title":"Meille t\u00f6ihin? - Runda Munken","robots":{"index":"index","follow":"follow","max-snippet":"max-snippet:-1","max-image-preview":"max-image-preview:large","max-video-preview":"max-video-preview:-1"},"canonical":"https:\/\/www.rundamunken.fi\/yhteystiedot\/avoimet-tyopaikat\/","og_locale":"sv_SE","og_type":"article","og_title":"Meille t\u00f6ihin? - Runda Munken","og_url":"https:\/\/www.rundamunken.fi\/yhteystiedot\/avoimet-tyopaikat\/","og_site_name":"Runda Munken","article_publisher":"https:\/\/www.facebook.com\/rundamunkenmantsala\/","article_modified_time":"2024-03-04T17:52:59+00:00","twitter_card":"summary_large_image","twitter_misc":{"Ber\u00e4knad l\u00e4stid":"3 minuter"},"schema":{"@context":"https:\/\/schema.org","@graph":[{"@type":"WebPage","@id":"https:\/\/www.rundamunken.fi\/yhteystiedot\/avoimet-tyopaikat\/","url":"https:\/\/www.rundamunken.fi\/yhteystiedot\/avoimet-tyopaikat\/","name":"Meille t\u00f6ihin? - Runda Munken","isPartOf":{"@id":"https:\/\/www.rundamunken.fi\/#website"},"datePublished":"2015-11-16T12:34:16+00:00","dateModified":"2024-03-04T17:52:59+00:00","breadcrumb":{"@id":"https:\/\/www.rundamunken.fi\/yhteystiedot\/avoimet-tyopaikat\/#breadcrumb"},"inLanguage":"sv-SE","potentialAction":[{"@type":"ReadAction","target":["https:\/\/www.rundamunken.fi\/yhteystiedot\/avoimet-tyopaikat\/"]}]},{"@type":"BreadcrumbList","@id":"https:\/\/www.rundamunken.fi\/yhteystiedot\/avoimet-tyopaikat\/#breadcrumb","itemListElement":[{"@type":"ListItem","position":1,"name":"Etusivu","item":"https:\/\/www.rundamunken.fi\/"},{"@type":"ListItem","position":2,"name":"Meille t\u00f6ihin?"}]},{"@type":"WebSite","@id":"https:\/\/www.rundamunken.fi\/#website","url":"https:\/\/www.rundamunken.fi\/","name":"Runda Munken","description":"Lorem ipsum dolor sit amet, consectetuer adipiscing elit.","potentialAction":[{"@type":"SearchAction","target":{"@type":"EntryPoint","urlTemplate":"https:\/\/www.rundamunken.fi\/?s={search_term_string}"},"query-input":{"@type":"PropertyValueSpecification","valueRequired":true,"valueName":"search_term_string"}}],"inLanguage":"sv-SE"}]}},"_links":{"self":[{"href":"https:\/\/www.rundamunken.fi\/sv\/wp-json\/wp\/v2\/pages\/1819","targetHints":{"allow":["GET"]}}],"collection":[{"href":"https:\/\/www.rundamunken.fi\/sv\/wp-json\/wp\/v2\/pages"}],"about":[{"href":"https:\/\/www.rundamunken.fi\/sv\/wp-json\/wp\/v2\/types\/page"}],"author":[{"embeddable":true,"href":"https:\/\/www.rundamunken.fi\/sv\/wp-json\/wp\/v2\/users\/6"}],"replies":[{"embeddable":true,"href":"https:\/\/www.rundamunken.fi\/sv\/wp-json\/wp\/v2\/comments?post=1819"}],"version-history":[{"count":6,"href":"https:\/\/www.rundamunken.fi\/sv\/wp-json\/wp\/v2\/pages\/1819\/revisions"}],"predecessor-version":[{"id":4282,"href":"https:\/\/www.rundamunken.fi\/sv\/wp-json\/wp\/v2\/pages\/1819\/revisions\/4282"}],"wp:attachment":[{"href":"https:\/\/www.rundamunken.fi\/sv\/wp-json\/wp\/v2\/media?parent=1819"}],"curies":[{"name":"wp","href":"https:\/\/api.w.org\/{rel}","templated":true}]}}